{"id":1440,"date":"2018-07-18T15:25:22","date_gmt":"2018-07-18T15:25:22","guid":{"rendered":"http:\/\/teconce.club\/teconce\/?page_id=1440"},"modified":"2023-06-18T18:44:18","modified_gmt":"2023-06-18T16:44:18","slug":"agbs","status":"publish","type":"page","link":"https:\/\/stock42.eu\/de\/agbs\/","title":{"rendered":"AGBs"},"content":{"rendered":"<p style=\"font-weight: 400;\"><strong>Allgemeine Gesch\u00e4ftsbedingungen<\/strong><\/p>\n<p style=\"font-weight: 400;\">Wir bitten Sie, sich vor der Nutzung oder dem Herunterladen unserer Bilder die gesamten Allgemeinen Gesch\u00e4ftsbedingungen sorgf\u00e4ltig durchzulesen. Durch den Erwerb einer Lizenz oder den Download von Bildern erkl\u00e4ren Sie sich ausdr\u00fccklich einverstanden, an die Bestimmungen dieser Vereinbarung sowie an jegliche rechtlichen Bedingungen und\/oder Nutzungseinschr\u00e4nkungen, die auf unserer Webseite angezeigt werden, gebunden zu sein.<\/p>\n<p style=\"font-weight: 400;\">\n<p style=\"font-weight: 400;\"><strong>Allgemeine Gesch\u00e4ftsbedingungen f\u00fcr den Vertrieb von Nutzungslizenzen f\u00fcr Fotos, Bilder und Grafiken durch NAWKO UG (haftungsbeschr\u00e4nkt), Stock42, Hinterer Berg 14, 92360 M\u00fchlhausen, E-Mail: info@stock42.eu (nachfolgend \u201eAuftragnehmer\u201c) gegen\u00fcber seinen Kunden (nachfolgend \u201eAuftraggeber\u201c)<\/strong><\/p>\n<p style=\"font-weight: 400;\">\n<ol>\n<li>Soweit neben diesen AGB weitere Vertragsdokumente oder andere Gesch\u00e4ftsbedingungen in Text- oder Schriftform Vertragsbestandteil geworden sind, gehen die Regelungen dieser weiteren Vertragsdokumente im Widerspruchsfalle den vorliegenden AGB vor.<\/li>\n<li>Der Auftragnehmer r\u00e4umt Nutzungslizenzen f\u00fcr Fotos, Bilder und Grafiken gegen eine entsprechende Lizenzgeb\u00fchr ein. F\u00fcr sonstige gemeinfreie Fotos, Bilder und Grafiken wird keine Lizenzgeb\u00fchr sondern eine Servicegeb\u00fchr in gleicher H\u00f6he erhoben.<\/li>\n<li>Das gesamte Lizenzmaterial ist urheberrechtlich gesch\u00fctzt und bleibt stets Eigentum vom Auftragnehmer und seinen Lizenzgebern und wird nur und ausschlie\u00dflich zum Erwerb von nicht-exklusiven Nutzungsrechten im Sinne des Urheberrechts zur Verf\u00fcgung gestellt.<\/li>\n<li>Nur wenn es ausdr\u00fccklich vereinbart ist, ist es erlaubt, das Bild- oder Videomaterial oder Inhalte, in denen dieses Material enthalten ist, gegen Bezahlung an andere Dienstleister weiterzugeben.<\/li>\n<li>Die \u00dcbertragung der Rechte beinhaltet das Recht zur Modifikation der Bilder und Videos, die m\u00f6glicherweise nur teilweise genutzt werden d\u00fcrfen, unter Ber\u00fccksichtigung des Rechts auf Werkintegrit\u00e4t der Urheber, sowie das Recht, die Bilder und Videos in Zusammenhang mit den Werken anderer Rechteinhaber zu nutzen.<\/li>\n<li>Die geltenden Bestimmungen hinsichtlich der Pers\u00f6nlichkeitsrechte von abgebildeten nat\u00fcrlichen oder juristischen Personen m\u00fcssen eingehalten werden.<\/li>\n<li>Demzufolge liegt es in der Verantwortung des Auftraggeber zu entscheiden, ob Bilder oder Videos, die Personen oder Eigentum darstellen, f\u00fcr bestimmte nicht-redaktionelle Zwecke verwendet werden d\u00fcrfen. Diese Regelung gilt auch dann, wenn der Auftragnehmer dem Auftraggeber die Nutzungsrechte f\u00fcr solche Zwecke erteilt hat<\/li>\n<li>Bilder und Videos, f\u00fcr die eine Model-Freigabe vorhanden ist, sind entsprechend markiert. Wenn diese in Kontexten eingeordnet werden, die allgemein als umstritten gelten, sollte klar gemacht werden, dass das Bild und das Video lediglich illustrative Zwecke erf\u00fcllen.<\/li>\n<li>Grunds\u00e4tzlich sollte insbesondere eine verleumderische oder den urspr\u00fcnglichen Sinn verzerrende Nutzung des Bild- und Videomaterials vermieden werden. Bei Verst\u00f6\u00dfen gegen diese Regelung ist eine Schadensersatzforderung an den Auftragnehmer ausgeschlossen.<\/li>\n<li>Rechte an m\u00f6glicherweise abgebildeten k\u00fcnstlerischen Werken (wie z.B. Architektur, Gem\u00e4lde, Briefmarken, Bildhauerei) k\u00f6nnen von dem Auftragnehmer nicht erworben werden. Grunds\u00e4tzlich sollten Bilder und Videos mit solchen Motiven nicht au\u00dferhalb eines redaktionellen Bezugs verwendet werden (z.B. Verwendung von Gem\u00e4lde nur im Kontext einer Berichterstattung \u00fcber den K\u00fcnstler des Gem\u00e4ldes).<\/li>\n<li>Schadensersatz aus Zuwiderhandlungen gegen Punkt 6., 7., 8., 9. ist ausgeschlossen.<\/li>\n<\/ol>\n<ol start=\"12\">\n<li>Bild- und Videounterschriften, Schlagworte oder andere Informationen zum Bild- und Videomaterial wurden nach bestem Wissen und Gewissen des Urhebers bzw. des Bild- und\/oder Videolieferanten erstellt. Der Auftragnehmer kann allerdings die Korrektheit dieser Angaben nicht gew\u00e4hrleisten, was einen daraus resultierenden Schadensersatz ausschlie\u00dft.<\/li>\n<li>\u00dcber eventuelle Schadenersatzforderungen ist der Auftragnehmer so fr\u00fch wie m\u00f6glich zu informieren.<\/li>\n<li>Wenn die Bilder und Videos gedruckt oder anderweitig ver\u00f6ffentlicht werden, muss eine Urheberrechtsangabe in der Form von &#8220;STOCK42 \/ Name des Fotografen&#8221; angebracht werden.<\/li>\n<li>Auf s\u00e4mtlichen digitalen Plattformen wird zus\u00e4tzlich im Impressum auf die Verwendung von Bild- und Videomaterial von dem Auftragnehmer hingewiesen, inklusive eines Links zu https:\/\/www.stock42.eu.<\/li>\n<\/ol>\n<ol start=\"16\">\n<li>Der Auftraggeber tr\u00e4gt die Verantwortung daf\u00fcr, dass die Bilder und Videos in digitalen Medien so ver\u00f6ffentlicht werden, dass eine Nutzung der Bilder und Videos \u00fcber die vertraglich vereinbarten Nutzungsrechte hinaus ausgeschlossen wird. Dies kann beispielsweise durch Sicherheitsvorkehrungen wie Download-Schutz, Nennung des Urhebers, Wasserzeichen im Bild oder Video oder eine Begrenzung der Pixelgr\u00f6\u00dfe des ver\u00f6ffentlichten Bildes oder Videos erreicht werden.<\/li>\n<li>Durch die Zahlung von Schadensersatz und\/oder sonstigen Kosten und Geb\u00fchren, die gem\u00e4\u00df diesen Bedingungen berechnet werden, erlangt der Besteller weder Eigentums- noch Nutzungsrechte an dem Bild- und Videomaterial der Agentur.<\/li>\n<li>Es ist nicht erlaubt, dass urheberrechtlich gesch\u00fctzte Werk durch Abzeichnen, Nachfotografieren, Fotocomposing, oder elektronische Hilfsmittel zu entstellen. Bei etwaigen Verst\u00f6\u00dfen ist der Auftragnehmer berechtigt, das F\u00fcnffache des f\u00fcr die Art der Verwendung \u00fcblichen Honorars gem\u00e4\u00df den Honorarempfehlungen des Bundesverband professioneller Bildanbieter zu berechnen. Diese wird auf der Website des Bundesverbands professioneller Bildanbieter www.bvpa.de ver\u00f6ffentlicht.<\/li>\n<li>Im Falle einer nicht autorisierten oder nicht gemeldeten Nutzung oder Weitergabe des Bild- und Videomaterials wird das f\u00fcnffache des Honorars berechnet, das sich an den jeweils aktuellen Honorarempfehlungen der Mittelstandsgemeinschaft Foto-Marketing orientiert. Diese Empfehlungen k\u00f6nnen in der neuesten Publikation auf der Website des Bundesverbands professioneller Bildanbieter www.bvpa.de gefunden werden.<\/li>\n<li>Exklusivrechte oder Sperrfristen m\u00fcssen gesondert abgestimmt werden und f\u00fchren zu mindestens einem Aufschlag von 100% auf das jeweilige Basis-Honorar.<\/li>\n<li>Sollte die geplante Ver\u00f6ffentlichung oder sonstige Nutzung nicht stattfinden, kann ein bereits entrichtetes Honorar nicht zur\u00fcckerstattet werden.<\/li>\n<\/ol>\n<ol start=\"22\">\n<li>Die Zustimmung zur \u00dcbertragung von Nutzungsrechten ist auch dann unerl\u00e4sslich, wenn die \u00dcbertragung im Rahmen des Gesamtverkaufs eines Unternehmens oder des Verkaufs von Teilen eines Unternehmens erfolgt ist \u00a7 34 Abs. 3 Urheberrechtsgesetz); diese Klausel gilt als separate Vereinbarung gem\u00e4\u00df 34 Abs. 4 Urheberrechtsgesetz.<\/li>\n<li>Schlussbestimmungen\n<ol>\n<li>Es gilt das Recht der Bundesrepublik Deutschland unter Ausschluss des CISG.<\/li>\n<li>Die Nutzung der Fotos, Bilder und Grafiken unterliegt den Bestimmungen des deutschen Urhebergesetzes.<\/li>\n<li>Abweichende Gesch\u00e4ftsbedingungen des Auftraggeber gelten nur bei schriftlicher Best\u00e4tigung durch den Auftragnehmer.<\/li>\n<li>Sollte eine Bestimmung dieser AGB unwirksam sein oder werden, so wird die G\u00fcltigkeit der AGB im \u00dcbrigen hiervon nicht ber\u00fchrt.<\/li>\n<li>Sofern der Auftraggeber Kaufmann, juristische Person des \u00f6ffentlichen Rechts oder \u00f6ffentlich- rechtliches Sonderverm\u00f6gen ist oder keinen allgemeinen Gerichtsstand in Deutschland hat, vereinbaren die Parteien den Sitz des Auftragnehmers als Gerichtsstand f\u00fcr s\u00e4mtliche Streitigkeiten aus diesem Vertragsverh\u00e4ltnis; ausschlie\u00dfliche Gerichtsst\u00e4nde bleiben hiervon unber\u00fchrt.<\/li>\n<li>Der Auftragnehmer ist berechtigt, diese AGB aus sachlich gerechtfertigten Gr\u00fcnden (z. B. \u00c4nderungen in der Rechtsprechung, Gesetzeslage, Marktgegebenheiten oder der Gesch\u00e4fts- oder Unternehmensstrategie) und unter Einhaltung einer angemessenen Frist zu \u00e4ndern. Auftraggeber im Bestand werden hier\u00fcber sp\u00e4testens zwei Wochen vor Inkrafttreten der \u00c4nderung per E-Mail benachrichtigt. Sofern der Auftraggeber im Bestand nicht innerhalb der in der \u00c4nderungsmitteilung gesetzten Frist widerspricht, gilt seine Zustimmung zur \u00c4nderung als erteilt. Widerspricht er, treten die \u00c4nderungen nicht in Kraft; Auftragnehmer ist in diesem Fall berechtigt, den Vertrag zum Zeitpunkt des Inkrafttretens der \u00c4nderung au\u00dferordentlich zu k\u00fcndigen. Die Benachrichtigung \u00fcber die beabsichtigte \u00c4nderung dieser AGB wird auf die Frist und die Folgen des Widerspruchs oder seines Ausbleibens hinweisen.<\/li>\n<\/ol>\n<\/li>\n<\/ol>\n<p style=\"font-weight: 400;\">\n<ol start=\"24\">\n<li>Informationen zur Online-Streitbeilegung \/ Verbraucherschlichtung<\/li>\n<\/ol>\n<p style=\"font-weight: 400;\">Die EU-Kommission stellt im Internet unter folgendem Link eine Plattform zur Online-Streitbeilegung bereit:<br \/>\nhttps:\/\/ec.europa.eu\/consumers\/odr<\/p>\n<p style=\"font-weight: 400;\">Diese Plattform dient als Anlaufstelle zur au\u00dfergerichtlichen Beilegung von vertraglichen Streitigkeiten, an denen ein Verbraucher beteiligt ist. Der Anbieter ist weder bereit noch verpflichtet, an einem Verbraucherstreitschlichtungsverfahren nach dem VSBG teilzunehmen.<\/p>\n<p style=\"font-weight: 400;\">Unsere E-Mail-Adresse entnehmen Sie dem 1. Absatz dieser AGB.<\/p>\n<p style=\"font-weight: 400;\">\n<p style=\"font-weight: 400;\">Letzte \u00c4nderung dieser AGB ist der 01.07.2023<\/p>\n<p style=\"font-weight: 400;\">\n","protected":false},"excerpt":{"rendered":"<p>Allgemeine Gesch\u00e4ftsbedingungen Wir bitten Sie, sich vor der Nutzung oder dem Herunterladen unserer Bilder die gesamten Allgemeinen Gesch\u00e4ftsbedingungen sorgf\u00e4ltig durchzulesen. Durch den Erwerb einer Lizenz oder den Download von Bildern erkl\u00e4ren Sie sich ausdr\u00fccklich einverstanden, an die Bestimmungen dieser Vereinbarung sowie an jegliche rechtlichen Bedingungen und\/oder Nutzungseinschr\u00e4nkungen, die auf unserer Webseite angezeigt werden, gebunden zu [&hellip;]<\/p>\n","protected":false},"author":1,"featured_media":0,"parent":0,"menu_order":0,"comment_status":"closed","ping_status":"closed","template":"","meta":{"footnotes":""},"class_list":["post-1440","page","type-page","status-publish","hentry"],"acf":[],"aioseo_notices":[],"_links":{"self":[{"href":"https:\/\/stock42.eu\/de\/wp-json\/wp\/v2\/pages\/1440","targetHints":{"allow":["GET"]}}],"collection":[{"href":"https:\/\/stock42.eu\/de\/wp-json\/wp\/v2\/pages"}],"about":[{"href":"https:\/\/stock42.eu\/de\/wp-json\/wp\/v2\/types\/page"}],"author":[{"embeddable":true,"href":"https:\/\/stock42.eu\/de\/wp-json\/wp\/v2\/users\/1"}],"replies":[{"embeddable":true,"href":"https:\/\/stock42.eu\/de\/wp-json\/wp\/v2\/comments?post=1440"}],"version-history":[{"count":2,"href":"https:\/\/stock42.eu\/de\/wp-json\/wp\/v2\/pages\/1440\/revisions"}],"predecessor-version":[{"id":98918,"href":"https:\/\/stock42.eu\/de\/wp-json\/wp\/v2\/pages\/1440\/revisions\/98918"}],"wp:attachment":[{"href":"https:\/\/stock42.eu\/de\/wp-json\/wp\/v2\/media?parent=1440"}],"curies":[{"name":"wp","href":"https:\/\/api.w.org\/{rel}","templated":true}]}}