{"id":1442,"date":"2018-07-18T15:26:14","date_gmt":"2018-07-18T15:26:14","guid":{"rendered":"http:\/\/teconce.club\/teconce\/?page_id=1442"},"modified":"2023-05-08T23:13:24","modified_gmt":"2023-05-08T21:13:24","slug":"kontakt","status":"publish","type":"page","link":"https:\/\/stock42.eu\/de\/kontakt\/","title":{"rendered":"Kontakt"},"content":{"rendered":"\t\t<div data-elementor-type=\"wp-page\" data-elementor-id=\"1442\" class=\"elementor elementor-1442\">\n\t\t\t\t\t\t\t      \n\t\t\t\t<section class=\"elementor-section elementor-top-section elementor-element elementor-element-71864f10 elementor-section-boxed elementor-section-height-default elementor-section-height-default\" data-id=\"71864f10\" data-element_type=\"section\">\n\t\t\t\t\t\t<div class=\"elementor-container elementor-column-gap-default\">\n\t\t\t      \n\t\t\t\t<div class=\"elementor-column elementor-col-100 elementor-top-column elementor-element elementor-element-498f309d\" data-id=\"498f309d\" data-element_type=\"column\">\n\t\t\t<div class=\"elementor-widget-wrap elementor-element-populated\">\n\t\t\t\t\t\t\t\t<div class=\"elementor-element elementor-element-5848527e elementor-widget elementor-widget-text-editor\" data-id=\"5848527e\" data-element_type=\"widget\" data-widget_type=\"text-editor.default\">\n\t\t\t\t<div class=\"elementor-widget-container\">\n\t\t\t<style>\/*! elementor - v3.17.0 - 08-11-2023 *\/\n.elementor-widget-text-editor.elementor-drop-cap-view-stacked .elementor-drop-cap{background-color:#69727d;color:#fff}.elementor-widget-text-editor.elementor-drop-cap-view-framed .elementor-drop-cap{color:#69727d;border:3px solid;background-color:transparent}.elementor-widget-text-editor:not(.elementor-drop-cap-view-default) .elementor-drop-cap{margin-top:8px}.elementor-widget-text-editor:not(.elementor-drop-cap-view-default) .elementor-drop-cap-letter{width:1em;height:1em}.elementor-widget-text-editor .elementor-drop-cap{float:left;text-align:center;line-height:1;font-size:50px}.elementor-widget-text-editor .elementor-drop-cap-letter{display:inline-block}<\/style>\t\t\t\t<br \/>\n\t\t\t\t\t\t<\/div>\n\t\t\t\t<\/div>\n\t\t\t\t\t<\/div>\n\t\t<\/div>\n\t\t\t\t\t\t\t<\/div>\n\t\t<\/section>\n\t\t      \n\t\t\t\t<section class=\"elementor-section elementor-top-section elementor-element elementor-element-f94aaff elementor-section-boxed elementor-section-height-default elementor-section-height-default\" data-id=\"f94aaff\" data-element_type=\"section\">\n\t\t\t\t\t\t<div class=\"elementor-container elementor-column-gap-default\">\n\t\t\t      \n\t\t\t\t<div class=\"elementor-column elementor-col-100 elementor-top-column elementor-element elementor-element-8c1e3cb\" data-id=\"8c1e3cb\" data-element_type=\"column\">\n\t\t\t<div class=\"elementor-widget-wrap elementor-element-populated\">\n\t\t\t\t\t\t\t\t<div class=\"elementor-element elementor-element-d04b635 elementor-widget elementor-widget-text-editor\" data-id=\"d04b635\" data-element_type=\"widget\" data-widget_type=\"text-editor.default\">\n\t\t\t\t<div class=\"elementor-widget-container\">\n\t\t\t\t\t\t\t<h3>Support erhalten<\/h3>\n<p>Egal ob du Produktvorschl\u00e4ge, Fragen vor dem Verkauf oder sogar einen guten Witz zum Starten des Chats hast, schreib uns eine Zeile \u00fcber das Kontaktformular unten. Wir werden unser Bestes tun, um so schnell wie m\u00f6glich zu antworten.<\/p>\n<p><\/p>\n\n<div class=\"wpcf7 no-js\" id=\"wpcf7-f18132-o1\" lang=\"de-DE\" dir=\"ltr\">\n<div class=\"screen-reader-response\"><p role=\"status\" aria-live=\"polite\" aria-atomic=\"true\"><\/p> <ul><\/ul><\/div>\n<form action=\"\/de\/wp-json\/wp\/v2\/pages\/1442#wpcf7-f18132-o1\" method=\"post\" class=\"wpcf7-form init\" aria-label=\"Kontaktformular\" novalidate=\"novalidate\" data-status=\"init\">\n<div style=\"display: none;\">\n<input type=\"hidden\" name=\"_wpcf7\" value=\"18132\" \/>\n<input type=\"hidden\" name=\"_wpcf7_version\" value=\"5.8.3\" \/>\n<input type=\"hidden\" name=\"_wpcf7_locale\" value=\"de_DE\" \/>\n<input type=\"hidden\" name=\"_wpcf7_unit_tag\" value=\"wpcf7-f18132-o1\" \/>\n<input type=\"hidden\" name=\"_wpcf7_container_post\" value=\"0\" \/>\n<input type=\"hidden\" name=\"_wpcf7_posted_data_hash\" value=\"\" \/>\n<\/div>\n<div class=\"row\">\n<div class=\"col-md-9 no-padding-right\">\n<span class=\"wpcf7-form-control-wrap\" data-name=\"your-message\"><textarea cols=\"40\" rows=\"10\" class=\"wpcf7-form-control wpcf7-textarea wpcf7-validates-as-required dm_main_text_7\" aria-required=\"true\" aria-invalid=\"false\" placeholder=\"Bitte schreiben Sie hier Ihre Nachricht...\" name=\"your-message\"><\/textarea><\/span>\n<\/div>\n<div class=\"col-md-3\">\n<span class=\"wpcf7-form-control-wrap\" data-name=\"your-name\"><input size=\"40\" class=\"wpcf7-form-control wpcf7-text wpcf7-validates-as-required dm_main_name_7\" aria-required=\"true\" aria-invalid=\"false\" placeholder=\"Name\" value=\"\" type=\"text\" name=\"your-name\" \/><\/span>\n<span class=\"wpcf7-form-control-wrap\" data-name=\"your-email\"><input size=\"40\" class=\"wpcf7-form-control wpcf7-email wpcf7-validates-as-required wpcf7-text wpcf7-validates-as-email dm_main_email_7\" aria-required=\"true\" aria-invalid=\"false\" placeholder=\"E-Mail\" value=\"\" type=\"email\" name=\"your-email\" \/><\/span>\n<span class=\"wpcf7-form-control-wrap\" data-name=\"acceptance-964\"><span class=\"wpcf7-form-control wpcf7-acceptance\"><span class=\"wpcf7-list-item\"><label><input type=\"checkbox\" name=\"acceptance-964\" value=\"1\" class=\"contact_gdpr\" aria-invalid=\"false\" \/><span class=\"wpcf7-list-item-label\">Ich habe gelesen und akzeptiere die <u>\n  <a href=\"https:\/\/stock42.eu\/privacy-policy\">Datenschutzbestimmungen<\/a>\n<\/u><\/span><\/label><\/span><\/span><\/span>\n\n<input class=\"wpcf7-form-control wpcf7-submit has-spinner dm_submit_button\" type=\"submit\" value=\"Submit\" \/>\n<\/div>\n<\/div><div class=\"wpcf7-response-output\" aria-hidden=\"true\"><\/div>\n<\/form>\n<\/div>\n\n<div class=\"group w-full text-gray-800 dark:text-gray-100 border-b border-black\/10 dark:border-gray-900\/50 bg-gray-50 dark:bg-[#444654]\">\n<div class=\"flex p-4 gap-4 text-base md:gap-6 md:max-w-2xl lg:max-w-xl xl:max-w-3xl md:py-6 lg:px-0 m-auto\">\n<div class=\"relative flex flex-col w-[calc(100%-50px)] gap-1 md:gap-3 lg:w-[calc(100%-115px)]\">\n<div class=\"flex flex-grow flex-col gap-3\">\n<div class=\"min-h-[20px] flex flex-col items-start gap-4 whitespace-pre-wrap break-words\">\n<div class=\"markdown prose w-full break-words dark:prose-invert light\">\n<p>Hinweis: Aufgrund der Zeitunterschiede kann es mehrere Stunden dauern, bis unser Support-Team mit Ihnen in Kontakt tritt. Wir schlafen auch manchmal!<\/p>\n<\/div>\n<\/div>\n<\/div>\n<\/div>\n<\/div>\n<\/div>\t\t\t\t\t\t<\/div>\n\t\t\t\t<\/div>\n\t\t\t\t\t<\/div>\n\t\t<\/div>\n\t\t\t\t\t\t\t<\/div>\n\t\t<\/section>\n\t\t      \n\t\t\t\t<section class=\"elementor-section elementor-top-section elementor-element elementor-element-aad1139 elementor-section-boxed elementor-section-height-default elementor-section-height-default\" data-id=\"aad1139\" data-element_type=\"section\" data-settings=\"{&quot;background_background&quot;:&quot;classic&quot;}\">\n\t\t\t\t\t\t<div class=\"elementor-container elementor-column-gap-default\">\n\t\t\t      \n\t\t\t\t<div class=\"elementor-column elementor-col-50 elementor-top-column elementor-element elementor-element-7a7c5b9\" data-id=\"7a7c5b9\" data-element_type=\"column\">\n\t\t\t<div class=\"elementor-widget-wrap elementor-element-populated\">\n\t\t\t\t\t\t\t\t<div class=\"elementor-element elementor-element-86b4579 elementor-widget elementor-widget-text-editor\" data-id=\"86b4579\" data-element_type=\"widget\" data-widget_type=\"text-editor.default\">\n\t\t\t\t<div class=\"elementor-widget-container\">\n\t\t\t\t\t\t\t<p>Stock42 ist ein Service der NAWKO UG (Haftungsbeschr\u00e4nkt). Wir sind bestrebt, unseren Kunden au\u00dfergew\u00f6hnlichen Support zu bieten und sicherzustellen, dass Sie ein reibungsloses Erlebnis bei der Nutzung unserer Plattform haben.Wenn Sie Fragen oder Bedenken in Bezug auf Verkauf, Support oder andere Anfragen haben, nutzen Sie bitte das Kontaktformular auf unserer Website. Unser Team ist engagiert, um Ihre Anfragen zeitnah zu beantworten und Ihnen die Unterst\u00fctzung zu bieten, die Sie ben\u00f6tigen.<\/p><p>F\u00fcr alle anderen Angelegenheiten, die unsere Aufmerksamkeit erfordern, senden Sie uns bitte eine E-Mail. Wir werden uns bem\u00fchen, so schnell wie m\u00f6glich auf Ihre E-Mail zu antworten.<\/p>\t\t\t\t\t\t<\/div>\n\t\t\t\t<\/div>\n\t\t\t\t\t<\/div>\n\t\t<\/div>\n\t\t      \n\t\t\t\t<div class=\"elementor-column elementor-col-50 elementor-top-column elementor-element elementor-element-66acf8a\" data-id=\"66acf8a\" data-element_type=\"column\" data-settings=\"{&quot;background_background&quot;:&quot;classic&quot;}\">\n\t\t\t<div class=\"elementor-widget-wrap elementor-element-populated\">\n\t\t\t\t\t\t\t\t<div class=\"elementor-element elementor-element-768cd72 elementor-widget elementor-widget-mayosis-infobox\" data-id=\"768cd72\" data-element_type=\"widget\" data-widget_type=\"mayosis-infobox.default\">\n\t\t\t\t<div class=\"elementor-widget-container\">\n\t\t\t\n        <!-- Element Code start -->\n        <div class=\"contact-widget\">\n                    \t<h4 style=\"color: #1e3c78\"> Address<\/h4>\n                        <p style=\"color: #1e3c78 !important\"> Stock42 by NAWKO<br> \nHinterer Berg 14 <br> \nDE-92360 M\u00fchlhausen<br>\nDeutschland<br><br>\nTelefon: +49 9185 - 433 95 00 <br>\nE-Mail: info@stock42.eu<\/p>\n                    <\/div>\n      \t\t<\/div>\n\t\t\t\t<\/div>\n\t\t\t\t\t<\/div>\n\t\t<\/div>\n\t\t\t\t\t\t\t<\/div>\n\t\t<\/section>\n\t\t\t\t\t\t\t<\/div>\n\t\t","protected":false},"excerpt":{"rendered":"<p>Support erhalten Egal ob du Produktvorschl\u00e4ge, Fragen vor dem Verkauf oder sogar einen guten Witz zum Starten des Chats hast, schreib uns eine Zeile \u00fcber das Kontaktformular unten. Wir werden unser Bestes tun, um so schnell wie m\u00f6glich zu antworten. Hinweis: Aufgrund der Zeitunterschiede kann es mehrere Stunden dauern, bis unser Support-Team mit Ihnen in [&hellip;]<\/p>\n","protected":false},"author":1,"featured_media":0,"parent":0,"menu_order":0,"comment_status":"closed","ping_status":"closed","template":"full-width-template.php","meta":{"footnotes":""},"class_list":["post-1442","page","type-page","status-publish","hentry"],"acf":[],"aioseo_notices":[],"_links":{"self":[{"href":"https:\/\/stock42.eu\/de\/wp-json\/wp\/v2\/pages\/1442","targetHints":{"allow":["GET"]}}],"collection":[{"href":"https:\/\/stock42.eu\/de\/wp-json\/wp\/v2\/pages"}],"about":[{"href":"https:\/\/stock42.eu\/de\/wp-json\/wp\/v2\/types\/page"}],"author":[{"embeddable":true,"href":"https:\/\/stock42.eu\/de\/wp-json\/wp\/v2\/users\/1"}],"replies":[{"embeddable":true,"href":"https:\/\/stock42.eu\/de\/wp-json\/wp\/v2\/comments?post=1442"}],"version-history":[{"count":0,"href":"https:\/\/stock42.eu\/de\/wp-json\/wp\/v2\/pages\/1442\/revisions"}],"wp:attachment":[{"href":"https:\/\/stock42.eu\/de\/wp-json\/wp\/v2\/media?parent=1442"}],"curies":[{"name":"wp","href":"https:\/\/api.w.org\/{rel}","templated":true}]}}