{"id":1813,"date":"2018-07-12T09:39:33","date_gmt":"2018-07-12T09:39:33","guid":{"rendered":"https:\/\/mayosis.com\/mayophotoelementor\/?page_id=29"},"modified":"2023-05-10T00:43:35","modified_gmt":"2023-05-09T22:43:35","slug":"ueber-uns","status":"publish","type":"page","link":"https:\/\/stock42.eu\/de\/ueber-uns\/","title":{"rendered":"\u00dcber uns"},"content":{"rendered":"\t\t<div data-elementor-type=\"wp-post\" data-elementor-id=\"1813\" class=\"elementor elementor-1813\">\n\t\t\t\t\t\t\t      \n\t\t\t\t<section class=\"elementor-section elementor-top-section elementor-element elementor-element-bd5cd8c elementor-section-boxed elementor-section-height-default elementor-section-height-default\" data-id=\"bd5cd8c\" data-element_type=\"section\" data-settings=\"{&quot;background_background&quot;:&quot;classic&quot;}\">\n\t\t\t\t\t\t<div class=\"elementor-container elementor-column-gap-default\">\n\t\t\t      \n\t\t\t\t<div class=\"elementor-column elementor-col-50 elementor-top-column elementor-element elementor-element-ccc56f8\" data-id=\"ccc56f8\" data-element_type=\"column\">\n\t\t\t<div class=\"elementor-widget-wrap elementor-element-populated\">\n\t\t\t\t\t\t\t\t<div class=\"elementor-element elementor-element-bbdb3fc elementor-widget elementor-widget-image\" data-id=\"bbdb3fc\" data-element_type=\"widget\" data-widget_type=\"image.default\">\n\t\t\t\t<div class=\"elementor-widget-container\">\n\t\t\t<style>\/*! elementor - v3.17.0 - 08-11-2023 *\/\n.elementor-widget-image{text-align:center}.elementor-widget-image a{display:inline-block}.elementor-widget-image a img[src$=\".svg\"]{width:48px}.elementor-widget-image img{vertical-align:middle;display:inline-block}<\/style>\t\t\t\t\t\t\t\t\t\t\t\t<img decoding=\"async\" width=\"750\" height=\"500\" src=\"https:\/\/stock42.eu\/wp-content\/uploads\/2023\/05\/stock42-about-us.jpg\" class=\"attachment-full size-full wp-image-18372\" alt=\"\" srcset=\"https:\/\/stock42.eu\/wp-content\/uploads\/2023\/05\/stock42-about-us.jpg 750w, https:\/\/stock42.eu\/wp-content\/uploads\/2023\/05\/stock42-about-us-300x200.jpg 300w, https:\/\/stock42.eu\/wp-content\/uploads\/2023\/05\/stock42-about-us-150x100.jpg 150w, https:\/\/stock42.eu\/wp-content\/uploads\/2023\/05\/stock42-about-us-720x480.jpg 720w, https:\/\/stock42.eu\/wp-content\/uploads\/2023\/05\/stock42-about-us-120x80.jpg 120w, https:\/\/stock42.eu\/wp-content\/uploads\/2023\/05\/stock42-about-us-50x33.jpg 50w, https:\/\/stock42.eu\/wp-content\/uploads\/2023\/05\/stock42-about-us-100x67.jpg 100w\" sizes=\"(max-width: 750px) 100vw, 750px\" \/>\t\t\t\t\t\t\t\t\t\t\t\t\t\t\t<\/div>\n\t\t\t\t<\/div>\n\t\t\t\t\t<\/div>\n\t\t<\/div>\n\t\t      \n\t\t\t\t<div class=\"elementor-column elementor-col-50 elementor-top-column elementor-element elementor-element-bb4094f\" data-id=\"bb4094f\" data-element_type=\"column\">\n\t\t\t<div class=\"elementor-widget-wrap elementor-element-populated\">\n\t\t\t\t\t\t\t\t<div class=\"elementor-element elementor-element-193f0a0 box-shadow-about custom-position-about elementor-widget elementor-widget-text-editor\" data-id=\"193f0a0\" data-element_type=\"widget\" data-widget_type=\"text-editor.default\">\n\t\t\t\t<div class=\"elementor-widget-container\">\n\t\t\t<style>\/*! elementor - v3.17.0 - 08-11-2023 *\/\n.elementor-widget-text-editor.elementor-drop-cap-view-stacked .elementor-drop-cap{background-color:#69727d;color:#fff}.elementor-widget-text-editor.elementor-drop-cap-view-framed .elementor-drop-cap{color:#69727d;border:3px solid;background-color:transparent}.elementor-widget-text-editor:not(.elementor-drop-cap-view-default) .elementor-drop-cap{margin-top:8px}.elementor-widget-text-editor:not(.elementor-drop-cap-view-default) .elementor-drop-cap-letter{width:1em;height:1em}.elementor-widget-text-editor .elementor-drop-cap{float:left;text-align:center;line-height:1;font-size:50px}.elementor-widget-text-editor .elementor-drop-cap-letter{display:inline-block}<\/style>\t\t\t\t<p>Wir sind eine Stock-Plattform, die sich auf hochwertige Bilder von sorgf\u00e4ltig gepr\u00fcften Erstellern (sogenannten &#8220;Creators&#8221;) spezialisiert hat. Wir glauben daran, dass jedes Bild eine Geschichte erz\u00e4hlen kann und sind stolz darauf, unseren Kunden eine vielf\u00e4ltige Auswahl an Inhalten anzubieten. Unsere Mission ist es, die besten visuellen L\u00f6sungen f\u00fcr unsere Kunden zu liefern und gleichzeitig faire Bezahlung und Anerkennung f\u00fcr unsere Ersteller zu gew\u00e4hrleisten.<\/p><p>Wir sind bestrebt, eine transparente und faire Beziehung zwischen unseren Kunden und Erstellern aufrechtzuerhalten, um das Wachstum und die Entwicklung kreativer Projekte zu f\u00f6rdern.<\/p>\t\t\t\t\t\t<\/div>\n\t\t\t\t<\/div>\n\t\t\t\t\t<\/div>\n\t\t<\/div>\n\t\t\t\t\t\t\t<\/div>\n\t\t<\/section>\n\t\t      \n\t\t\t\t<section class=\"elementor-section elementor-top-section elementor-element elementor-element-6cda959 elementor-section-boxed elementor-section-height-default elementor-section-height-default\" data-id=\"6cda959\" data-element_type=\"section\" data-settings=\"{&quot;background_background&quot;:&quot;classic&quot;}\">\n\t\t\t\t\t\t<div class=\"elementor-container elementor-column-gap-default\">\n\t\t\t      \n\t\t\t\t<div class=\"elementor-column elementor-col-100 elementor-top-column elementor-element elementor-element-3c96155\" data-id=\"3c96155\" data-element_type=\"column\">\n\t\t\t<div class=\"elementor-widget-wrap elementor-element-populated\">\n\t\t\t\t\t\t\t\t<div class=\"elementor-element elementor-element-c0d7bd7 elementor-widget elementor-widget-heading\" data-id=\"c0d7bd7\" data-element_type=\"widget\" data-widget_type=\"heading.default\">\n\t\t\t\t<div class=\"elementor-widget-container\">\n\t\t\t<style>\/*! elementor - v3.17.0 - 08-11-2023 *\/\n.elementor-heading-title{padding:0;margin:0;line-height:1}.elementor-widget-heading .elementor-heading-title[class*=elementor-size-]>a{color:inherit;font-size:inherit;line-height:inherit}.elementor-widget-heading .elementor-heading-title.elementor-size-small{font-size:15px}.elementor-widget-heading .elementor-heading-title.elementor-size-medium{font-size:19px}.elementor-widget-heading .elementor-heading-title.elementor-size-large{font-size:29px}.elementor-widget-heading .elementor-heading-title.elementor-size-xl{font-size:39px}.elementor-widget-heading .elementor-heading-title.elementor-size-xxl{font-size:59px}<\/style><h1 class=\"elementor-heading-title elementor-size-default\">Was steckt hinter Stock42<\/h1>\t\t<\/div>\n\t\t\t\t<\/div>\n\t\t\t\t<div class=\"elementor-element elementor-element-cd72116 elementor-widget elementor-widget-text-editor\" data-id=\"cd72116\" data-element_type=\"widget\" data-widget_type=\"text-editor.default\">\n\t\t\t\t<div class=\"elementor-widget-container\">\n\t\t\t\t\t\t\t<p style=\"text-align: left; color: #ffffff; opacity: .65;\"> Leidenschaftlich f\u00fcr die F\u00f6rderung und Unterst\u00fctzung von K\u00fcnstlern und Kreativen!<\/p>\t\t\t\t\t\t<\/div>\n\t\t\t\t<\/div>\n\t\t\t\t\t<\/div>\n\t\t<\/div>\n\t\t\t\t\t\t\t<\/div>\n\t\t<\/section>\n\t\t      \n\t\t\t\t<section class=\"elementor-section elementor-top-section elementor-element elementor-element-df40c35 elementor-section-boxed elementor-section-height-default elementor-section-height-default\" data-id=\"df40c35\" data-element_type=\"section\">\n\t\t\t\t\t\t<div class=\"elementor-container elementor-column-gap-default\">\n\t\t\t      \n\t\t\t\t<div class=\"elementor-column elementor-col-100 elementor-top-column elementor-element elementor-element-61cefba\" data-id=\"61cefba\" data-element_type=\"column\">\n\t\t\t<div class=\"elementor-widget-wrap elementor-element-populated\">\n\t\t\t\t\t\t\t\t<div class=\"elementor-element elementor-element-48e8eb3 elementor-widget elementor-widget-mayosis-theme-hero\" data-id=\"48e8eb3\" data-element_type=\"widget\" data-widget_type=\"mayosis-theme-hero.default\">\n\t\t\t\t<div class=\"elementor-widget-container\">\n\t\t\t\n <!-- Element Code start -->\n       \n  <div class=\"col-md-12  col-xs-12 col-sm-12 mayosis_theme_hero_box\">\n                    <h2 class=\"hero-title\">Wer besitzt Stock42                    \n                   <span class=\"mhero_counter_main\">                        \n                    <\/span>\n                       <\/h2>\n                   <div class=\"hero-description\">Stock42 ist ein Projekt der NAWKO UG (haftungsbeschr\u00e4nkt), eine Creator Unternehmen aus Deutschland, das sich der Bereitstellung hochwertiger Stockbilder und au\u00dfergew\u00f6hnlichem Kundenservice verschrieben hat.<\/div>\n                   \n\t\t\t    <\/div>\n        <div class=\"clearfix\"><\/div>\n\n      \t\t<\/div>\n\t\t\t\t<\/div>\n\t\t\t\t<div class=\"elementor-element elementor-element-9dc9f77 elementor-widget elementor-widget-image\" data-id=\"9dc9f77\" data-element_type=\"widget\" data-widget_type=\"image.default\">\n\t\t\t\t<div class=\"elementor-widget-container\">\n\t\t\t\t\t\t\t\t\t\t\t\t\t\t\t<img decoding=\"async\" width=\"400\" height=\"120\" src=\"https:\/\/stock42.eu\/wp-content\/uploads\/2023\/05\/NAWKO-Logo-Dunkel-400x120-1.png?v=1683395253\" class=\"attachment-large size-large wp-image-2121\" alt=\"\" srcset=\"https:\/\/stock42.eu\/wp-content\/uploads\/2023\/05\/NAWKO-Logo-Dunkel-400x120-1.png?v=1683395253 400w, https:\/\/stock42.eu\/wp-content\/uploads\/2023\/05\/NAWKO-Logo-Dunkel-400x120-1-300x90.png?v=1683395253 300w, https:\/\/stock42.eu\/wp-content\/uploads\/2023\/05\/NAWKO-Logo-Dunkel-400x120-1-50x15.png?v=1683395253 50w, https:\/\/stock42.eu\/wp-content\/uploads\/2023\/05\/NAWKO-Logo-Dunkel-400x120-1-100x30.png?v=1683395253 100w\" sizes=\"(max-width: 400px) 100vw, 400px\" \/>\t\t\t\t\t\t\t\t\t\t\t\t\t\t\t<\/div>\n\t\t\t\t<\/div>\n\t\t\t\t\t<\/div>\n\t\t<\/div>\n\t\t\t\t\t\t\t<\/div>\n\t\t<\/section>\n\t\t      \n\t\t\t\t<section class=\"elementor-section elementor-top-section elementor-element elementor-element-397c7c9 elementor-section-boxed elementor-section-height-default elementor-section-height-default\" data-id=\"397c7c9\" data-element_type=\"section\" data-settings=\"{&quot;background_background&quot;:&quot;classic&quot;}\">\n\t\t\t\t\t\t<div class=\"elementor-container elementor-column-gap-default\">\n\t\t\t      \n\t\t\t\t<div class=\"elementor-column elementor-col-100 elementor-top-column elementor-element elementor-element-c8f28d0\" data-id=\"c8f28d0\" data-element_type=\"column\">\n\t\t\t<div class=\"elementor-widget-wrap elementor-element-populated\">\n\t\t\t\t\t\t\t\t<div class=\"elementor-element elementor-element-c12c8ca elementor-widget elementor-widget-mayosis-theme-hero\" data-id=\"c12c8ca\" data-element_type=\"widget\" data-widget_type=\"mayosis-theme-hero.default\">\n\t\t\t\t<div class=\"elementor-widget-container\">\n\t\t\t\n <!-- Element Code start -->\n       \n  <div class=\"col-md-12  col-xs-12 col-sm-12 mayosis_theme_hero_box\">\n                    <h2 class=\"hero-title\">Noch etwas unklar?                    \n                   <span class=\"mhero_counter_main\">                        \n                    <\/span>\n                       <\/h2>\n                   <div class=\"hero-description\">Falls Sie noch Fragen zu unseren Produkten, unserem Unternehmen haben, z\u00f6gern Sie bitte nicht, uns zu kontaktieren. <br>Unser Support-Team steht Ihnen gerne zur Verf\u00fcgung und wird Ihnen schnellstm\u00f6glich weiterhelfen<\/div>\n                   \n\t\t\t    <\/div>\n        <div class=\"clearfix\"><\/div>\n\n      \t\t<\/div>\n\t\t\t\t<\/div>\n\t\t\t\t<div class=\"elementor-element elementor-element-d2998ff mayosis-align-center elementor-widget elementor-widget-mayosis-single-button\" data-id=\"d2998ff\" data-element_type=\"widget\" data-widget_type=\"mayosis-single-button.default\">\n\t\t\t\t<div class=\"elementor-widget-container\">\n\t\t\t\n <!-- Element Code start -->\n        <div class=\"elementor-button-area\">\n        <a  class=\"styleone btn btn-primary btn-lg browse-more single_dm_btn\" href=\"https:\/\/stock42.eu\/de\/kontakt\/\" target=\"_self\" \n                 \n        >Kontakt  <i class=\"fa fa-mail-forward\"><\/i><\/a>\n        <\/div>\n\n\n      \t\t<\/div>\n\t\t\t\t<\/div>\n\t\t\t\t\t<\/div>\n\t\t<\/div>\n\t\t\t\t\t\t\t<\/div>\n\t\t<\/section>\n\t\t\t\t\t\t\t<\/div>\n\t\t","protected":false},"excerpt":{"rendered":"<p>Wir sind eine Stock-Plattform, die sich auf hochwertige Bilder von sorgf\u00e4ltig gepr\u00fcften Erstellern (sogenannten &#8220;Creators&#8221;) spezialisiert hat. Wir glauben daran, dass jedes Bild eine Geschichte erz\u00e4hlen kann und sind stolz darauf, unseren Kunden eine vielf\u00e4ltige Auswahl an Inhalten anzubieten. Unsere Mission ist es, die besten visuellen L\u00f6sungen f\u00fcr unsere Kunden zu liefern und gleichzeitig faire [&hellip;]<\/p>\n","protected":false},"author":1,"featured_media":0,"parent":0,"menu_order":0,"comment_status":"closed","ping_status":"closed","template":"full-width-template.php","meta":{"footnotes":""},"class_list":["post-1813","page","type-page","status-publish","hentry"],"acf":[],"aioseo_notices":[],"_links":{"self":[{"href":"https:\/\/stock42.eu\/de\/wp-json\/wp\/v2\/pages\/1813","targetHints":{"allow":["GET"]}}],"collection":[{"href":"https:\/\/stock42.eu\/de\/wp-json\/wp\/v2\/pages"}],"about":[{"href":"https:\/\/stock42.eu\/de\/wp-json\/wp\/v2\/types\/page"}],"author":[{"embeddable":true,"href":"https:\/\/stock42.eu\/de\/wp-json\/wp\/v2\/users\/1"}],"replies":[{"embeddable":true,"href":"https:\/\/stock42.eu\/de\/wp-json\/wp\/v2\/comments?post=1813"}],"version-history":[{"count":0,"href":"https:\/\/stock42.eu\/de\/wp-json\/wp\/v2\/pages\/1813\/revisions"}],"wp:attachment":[{"href":"https:\/\/stock42.eu\/de\/wp-json\/wp\/v2\/media?parent=1813"}],"curies":[{"name":"wp","href":"https:\/\/api.w.org\/{rel}","templated":true}]}}