{"id":18157,"date":"2023-05-09T00:08:26","date_gmt":"2023-05-08T22:08:26","guid":{"rendered":"https:\/\/stock42.eu\/?page_id=18157"},"modified":"2023-05-09T01:01:49","modified_gmt":"2023-05-08T23:01:49","slug":"impressum","status":"publish","type":"page","link":"https:\/\/stock42.eu\/de\/impressum\/","title":{"rendered":"Impressum"},"content":{"rendered":"\n<h2 class=\"wp-block-heading\">Angaben gem\u00e4\u00df \u00a7 5 TMG<\/h2>\n\n\n\n<p>NAWKO UG (haftungsbeschr\u00e4nkt)<br>Hinterer Berg 14<br>92360 M\u00fchlhausen<\/p>\n\n\n\n<p>Handelsregister: 40891<br>Registergericht: Amtsgericht N\u00fcrnberg<\/p>\n\n\n\n<p><strong>Vertreten durch:<\/strong><br>Pierre Nagl-Weichselbaum<\/p>\n\n\n\n<h2 class=\"wp-block-heading\">Kontakt<\/h2>\n\n\n\n<p>Telefon: +49 9185 &#8211; 433 95 00<br>E-Mail: info@stock42.eu<\/p>\n\n\n\n<h2 class=\"wp-block-heading\">Umsatzsteuer-ID<\/h2>\n\n\n\n<p>Umsatzsteuer-Identifikationsnummer gem\u00e4\u00df \u00a7 27 a Umsatzsteuergesetz:<br>DE355703354<\/p>\n\n\n\n<h2 class=\"wp-block-heading\">Angaben zur Berufs\u00adhaftpflicht\u00adversicherung<\/h2>\n\n\n\n<p><strong>Name und Sitz des Versicherers:<\/strong><br>HISCOX<\/p>\n\n\n\n<p><strong>Geltungsraum der Versicherung:<\/strong><br>weltweit<\/p>\n\n\n\n<h2 class=\"wp-block-heading\">Redaktionell verantwortlich<\/h2>\n\n\n\n<p>Pierre Nagl-Weichselbaum, Hinterer Berg 14, 92360 M\u00fchlhausen<\/p>\n\n\n\n<h2 class=\"wp-block-heading\">EU-Streitschlichtung<\/h2>\n\n\n\n<p>Die Europ\u00e4ische Kommission stellt eine Plattform zur Online-Streitbeilegung (OS) bereit: <a href=\"https:\/\/ec.europa.eu\/consumers\/odr\/\" target=\"_blank\" rel=\"noreferrer noopener\">https:\/\/ec.europa.eu\/consumers\/odr\/<\/a>.<br>Unsere E-Mail-Adresse finden Sie oben im Impressum.<\/p>\n\n\n\n<h2 class=\"wp-block-heading\">Verbraucher\u00adstreit\u00adbeilegung\/Universal\u00adschlichtungs\u00adstelle<\/h2>\n\n\n\n<p>Wir sind nicht bereit oder verpflichtet, an Streitbeilegungsverfahren vor einer Verbraucherschlichtungsstelle teilzunehmen.<\/p>\n","protected":false},"excerpt":{"rendered":"<p>Angaben gem\u00e4\u00df \u00a7 5 TMG NAWKO UG (haftungsbeschr\u00e4nkt)Hinterer Berg 1492360 M\u00fchlhausen Handelsregister: 40891Registergericht: Amtsgericht N\u00fcrnberg Vertreten durch:Pierre Nagl-Weichselbaum Kontakt Telefon: +49 9185 &#8211; 433 95 00E-Mail: info@stock42.eu Umsatzsteuer-ID Umsatzsteuer-Identifikationsnummer gem\u00e4\u00df \u00a7 27 a Umsatzsteuergesetz:DE355703354 Angaben zur Berufs\u00adhaftpflicht\u00adversicherung Name und Sitz des Versicherers:HISCOX Geltungsraum der Versicherung:weltweit Redaktionell verantwortlich Pierre Nagl-Weichselbaum, Hinterer Berg 14, 92360 M\u00fchlhausen EU-Streitschlichtung [&hellip;]<\/p>\n","protected":false},"author":1,"featured_media":0,"parent":0,"menu_order":0,"comment_status":"closed","ping_status":"closed","template":"","meta":{"footnotes":""},"class_list":["post-18157","page","type-page","status-publish","hentry"],"acf":[],"aioseo_notices":[],"_links":{"self":[{"href":"https:\/\/stock42.eu\/de\/wp-json\/wp\/v2\/pages\/18157","targetHints":{"allow":["GET"]}}],"collection":[{"href":"https:\/\/stock42.eu\/de\/wp-json\/wp\/v2\/pages"}],"about":[{"href":"https:\/\/stock42.eu\/de\/wp-json\/wp\/v2\/types\/page"}],"author":[{"embeddable":true,"href":"https:\/\/stock42.eu\/de\/wp-json\/wp\/v2\/users\/1"}],"replies":[{"embeddable":true,"href":"https:\/\/stock42.eu\/de\/wp-json\/wp\/v2\/comments?post=18157"}],"version-history":[{"count":0,"href":"https:\/\/stock42.eu\/de\/wp-json\/wp\/v2\/pages\/18157\/revisions"}],"wp:attachment":[{"href":"https:\/\/stock42.eu\/de\/wp-json\/wp\/v2\/media?parent=18157"}],"curies":[{"name":"wp","href":"https:\/\/api.w.org\/{rel}","templated":true}]}}