{"id":89277,"date":"2023-05-09T01:07:59","date_gmt":"2023-05-08T23:07:59","guid":{"rendered":"https:\/\/stock42.eu\/privacy-policy-social-networks\/"},"modified":"2023-06-06T23:30:22","modified_gmt":"2023-06-06T21:30:22","slug":"privacy-policy-social-networks","status":"publish","type":"page","link":"https:\/\/stock42.eu\/es\/privacy-policy-social-networks\/","title":{"rendered":"Pol\u00edtica de privacidad redes sociales"},"content":{"rendered":"\n<h3 class=\"wp-block-heading\">Nuestras apariciones en redes sociales<\/h3>\n\n<h4 class=\"wp-block-heading\">Esta pol\u00edtica de privacidad se aplica a la siguiente presencia en redes sociales<\/h4>\n\n<ul class=\"wp-block-list\">\n<li><a href=\"https:\/\/facebook.com\" target=\"_blank\" rel=\"noreferrer noopener\">https:\/\/facebook.com<\/a><\/li>\n\n\n\n<li><a href=\"https:\/\/twitter.com\" target=\"_blank\" rel=\"noreferrer noopener\">https:\/\/twitter.com<\/a><\/li>\n\n\n\n<li><a href=\"https:\/\/instagram.com\" target=\"_blank\" rel=\"noreferrer noopener\">https:\/\/instagram.com<\/a><\/li>\n\n\n\n<li><a href=\"https:\/\/pinterest.com\/\" target=\"_blank\" rel=\"noreferrer noopener\">https:\/\/pinterest.com\/<\/a><\/li>\n\n\n\n<li><a href=\"https:\/\/xing.com\" target=\"_blank\" rel=\"noreferrer noopener\">https:\/\/xing.com<\/a><\/li>\n\n\n\n<li><a href=\"https:\/\/linkedin.com\" target=\"_blank\" rel=\"noreferrer noopener\">https:\/\/linkedin.com<\/a><\/li>\n\n\n\n<li><a href=\"https:\/\/tumblr.com\" target=\"_blank\" rel=\"noreferrer noopener\">https:\/\/tumblr.com<\/a><\/li>\n\n\n\n<li><a href=\"https:\/\/vimeo.com\/\" target=\"_blank\" rel=\"noreferrer noopener\">https:\/\/vimeo.com\/<\/a><\/li>\n\n\n\n<li><a href=\"https:\/\/youtube.com\/c\/\" target=\"_blank\" rel=\"noreferrer noopener\">https:\/\/youtube.com\/c\/<\/a><\/li>\n\n\n\n<li><a href=\"https:\/\/tiktok.com\/@nawko.official\" target=\"_blank\" rel=\"noreferrer noopener\">https:\/\/tiktok.com\/@nawko.official<\/a><\/li>\n<\/ul>\n\n<h4 class=\"wp-block-heading\">Tratamiento de datos a trav\u00e9s de redes sociales<\/h4>\n\n<p>Mantenemos perfiles disponibles p\u00fablicamente en redes sociales. Las redes sociales individuales que utilizamos se pueden encontrar a continuaci\u00f3n.<\/p>\n\n<p>Redes sociales como Facebook, Twitter, etc. En general, puede analizar su comportamiento de usuario de manera exhaustiva si visita su sitio web o un sitio web con contenido integrado de redes sociales (por ejemplo, botones Me gusta o anuncios de banner). Cuando visita nuestras p\u00e1ginas de redes sociales, se activan numerosas operaciones de procesamiento relevantes para la protecci\u00f3n de datos. Detalladamente:<\/p>\n\n<p>Si ha iniciado sesi\u00f3n en su cuenta de redes sociales y visita nuestra p\u00e1gina de redes sociales, el operador del portal de redes sociales puede asignar esta visita a su cuenta de usuario. En determinadas circunstancias, sus datos personales tambi\u00e9n pueden registrarse si no ha iniciado sesi\u00f3n o no tiene una cuenta en el portal de redes sociales correspondiente. En este caso, estos datos se recopilan, por ejemplo, a trav\u00e9s de cookies almacenadas en su dispositivo o registrando su direcci\u00f3n IP.<\/p>\n\n<p>Utilizando los datos recopilados de esta manera, los operadores de los portales de redes sociales pueden crear perfiles de usuario en los que se almacenan sus preferencias e intereses. De esta manera, puede ver publicidad basada en intereses dentro y fuera de su presencia en las redes sociales. Si tiene una cuenta con la red social, la publicidad basada en intereses se puede mostrar en cualquier dispositivo en el que haya iniciado sesi\u00f3n o haya iniciado sesi\u00f3n.<\/p>\n\n<p>Tenga en cuenta tambi\u00e9n que no podemos volver sobre todas las operaciones de procesamiento en los portales de redes sociales. Dependiendo del proveedor, los operadores de los portales de redes sociales pueden llevar a cabo operaciones de procesamiento adicionales. Los detalles se pueden encontrar en los t\u00e9rminos de uso y la pol\u00edtica de privacidad de los respectivos portales de redes sociales.<\/p>\n\n<h4 class=\"wp-block-heading\">Base jur\u00eddica<\/h4>\n\n<p>Nuestras apariciones en las redes sociales deben garantizar la presencia m\u00e1s amplia posible en Internet. Este es un inter\u00e9s leg\u00edtimo en el sentido del Art. 6 (1) lit. f RGPD. Los procesos de an\u00e1lisis iniciados por las redes sociales pueden basarse en bases legales divergentes que deben especificar los operadores de las redes sociales (por ejemplo, consentimiento en el sentido del art. 6 (1) (a) GDPR).<\/p>\n\n<h4 class=\"wp-block-heading\">Responsabilidad y ejercicio de derechos<\/h4>\n\n<p>Si visita uno de nuestros sitios de redes sociales (por ejemplo, Facebook), nosotros, junto con el operador de la plataforma de redes sociales, somos responsables de las operaciones de procesamiento de datos desencadenadas durante esta visita. En principio, puede proteger sus derechos (informaci\u00f3n, correcci\u00f3n, eliminaci\u00f3n, limitaci\u00f3n del procesamiento, portabilidad de datos y reclamaci\u00f3n) frente a nosotros, as\u00ed como frente al operador del portal de redes sociales respectivo (por ejemplo, Facebook).<\/p>\n\n<p>Tenga en cuenta que, a pesar de la responsabilidad compartida con los operadores de portales de redes sociales, no tenemos plena influencia en las operaciones de procesamiento de datos de los portales de redes sociales. Nuestras opciones est\u00e1n determinadas por la pol\u00edtica de la compa\u00f1\u00eda del proveedor respectivo.<\/p>\n\n<h4 class=\"wp-block-heading\">Tiempo de almacenamiento<\/h4>\n\n<p>Los datos recopilados directamente de nosotros a trav\u00e9s de la presencia en las redes sociales se eliminar\u00e1n de nuestros sistemas tan pronto como nos solicite que los eliminemos, revoque su consentimiento para el almacenamiento o el prop\u00f3sito del almacenamiento de datos caduque. Las cookies almacenadas permanecen en su dispositivo hasta que las elimine. Las disposiciones legales obligatorias, en particular los per\u00edodos de retenci\u00f3n, no se ver\u00e1n afectadas.<\/p>\n\n<p>No tenemos control sobre la duraci\u00f3n del almacenamiento de sus datos almacenados por los operadores de redes sociales para sus propios fines. Para obtener m\u00e1s informaci\u00f3n, p\u00f3ngase en contacto directamente con los operadores de redes sociales (por ejemplo, en su pol\u00edtica de privacidad, consulte a continuaci\u00f3n).<\/p>\n\n<h4 class=\"wp-block-heading\">Sus derechos<\/h4>\n\n<p>Tiene derecho a recibir informaci\u00f3n sobre el origen, el destinatario y el prop\u00f3sito de sus datos personales almacenados en cualquier momento y de forma gratuita. Tambi\u00e9n tiene derecho a objetar, el derecho a la portabilidad de datos y el derecho a presentar una queja ante la agencia reguladora responsable. Adem\u00e1s, puede solicitar la correcci\u00f3n, el bloqueo, la eliminaci\u00f3n y, en determinadas circunstancias, la restricci\u00f3n del procesamiento de sus datos personales.<\/p>\n\n<h4 class=\"wp-block-heading\">Redes sociales individuales<\/h4>\n\n<h5 class=\"wp-block-heading\">Facebook (en ingl\u00e9s)<\/h5>\n\n<p>Tenemos un perfil en Facebook. El proveedor de este servicio es Meta Platforms Ireland Limited, 4 Grand Canal Square, Grand Canal Harbour, Dubl\u00edn 2, Irlanda (en adelante, Meta). Seg\u00fan la declaraci\u00f3n de Meta, los datos recopilados tambi\u00e9n se transferir\u00e1n a los Estados Unidos y a otros pa\u00edses de terceros.<\/p>\n\n<p>Hemos firmado un acuerdo con Meta sobre responsabilidad compartida para el procesamiento de datos (Anexo del controlador). Este acuerdo determina de qu\u00e9 operaciones de procesamiento de datos nosotros o Meta somos responsables cuando visita nuestra p\u00e1gina de fans de Facebook. Este acuerdo se puede consultar en el siguiente enlace: <a href=\"https:\/\/www.facebook.com\/legal\/terms\/page_controller_addendum\" target=\"_blank\" rel=\"noreferrer noopener\">https:\/\/www.facebook.com\/legal\/terms\/page_controller_addendum<\/a>.<\/p>\n\n<p><strong>Puede personalizar su configuraci\u00f3n de publicidad de forma independiente en su cuenta de usuario. Haga clic en el siguiente enlace e inicie sesi\u00f3n:<\/strong> <a href=\"https:\/\/www.facebook.com\/settings?tab=ads\" target=\"_blank\" rel=\"noreferrer noopener\">https:\/\/www.facebook.com\/settings?tab=ads<\/a>.<\/p>\n\n<p>La transmisi\u00f3n de datos a los Estados Unidos se basa en las Cl\u00e1usulas Contractuales Tipo (SCC) de la Comisi\u00f3n Europea. Los detalles se pueden encontrar aqu\u00ed: <a href=\"https:\/\/www.facebook.com\/legal\/EU_data_transfer_addendum\" target=\"_blank\" rel=\"noreferrer noopener\">https:\/\/www.facebook.com\/legal\/EU_data_transfer_addendum<\/a> y <a href=\"https:\/\/de-de.facebook.com\/help\/566994660333381\" target=\"_blank\" rel=\"noreferrer noopener\">https:\/\/de-de.facebook.com\/help\/566994660333381<\/a>.<\/p>\n\n<p>Los detalles se pueden encontrar en la pol\u00edtica de privacidad de Facebook: <a href=\"https:\/\/www.facebook.com\/about\/privacy\/\" target=\"_blank\" rel=\"noreferrer noopener\">https:\/\/www.facebook.com\/about\/privacy\/<\/a>.<\/p>\n\n<h5 class=\"wp-block-heading\">Twitter<\/h5>\n\n<p>Utilizamos el servicio de mensajes cortos Twitter. El proveedor es Twitter International Company, One Cumberland Place, Fenian Street, Dubl\u00edn 2, D02 AX07, Irlanda.<\/p>\n\n<p><strong>Puedes personalizar tu configuraci\u00f3n de privacidad de Twitter en tu cuenta de usuario. Haga clic en el siguiente enlace e inicie sesi\u00f3n:<\/strong> <a href=\"https:\/\/twitter.com\/personalization\" target=\"_blank\" rel=\"noreferrer noopener\">https:\/\/twitter.com\/personalization<\/a>.<\/p>\n\n<p>La transmisi\u00f3n de datos a los Estados Unidos se basa en las Cl\u00e1usulas Contractuales Tipo (SCC) de la Comisi\u00f3n Europea. Los detalles se pueden encontrar aqu\u00ed: <a href=\"https:\/\/gdpr.twitter.com\/en\/controller-to-controller-transfers.html\" target=\"_blank\" rel=\"noreferrer noopener\">https:\/\/gdpr.twitter.com\/en\/controller-to-controller-transfers.html<\/a>.<\/p>\n\n<p>Para obtener m\u00e1s informaci\u00f3n, consulta la Pol\u00edtica de privacidad de Twitter: <a href=\"https:\/\/twitter.com\/de\/privacy\" target=\"_blank\" rel=\"noreferrer noopener\">https:\/\/twitter.com\/privacy<\/a>.<\/p>\n\n<h5 class=\"wp-block-heading\">Instagram (en ingl\u00e9s)<\/h5>\n\n<p>Tenemos un perfil en Instagram. El proveedor de este servicio es Meta Platforms Ireland Limited, 4 Grand Canal Square, Grand Canal Harbour, Dubl\u00edn 2, Irlanda.<\/p>\n\n<p>La transmisi\u00f3n de datos a los Estados Unidos se basa en las Cl\u00e1usulas Contractuales Tipo (SCC) de la Comisi\u00f3n Europea. Los detalles se pueden encontrar aqu\u00ed: <a href=\"https:\/\/www.facebook.com\/legal\/EU_data_transfer_addendum\" target=\"_blank\" rel=\"noreferrer noopener\">https:\/\/www.facebook.com\/legal\/EU_data_transfer_addendum<\/a>, <a href=\"https:\/\/help.instagram.com\/519522125107875\" target=\"_blank\" rel=\"noreferrer noopener\">https:\/\/help.instagram.com\/519522125107875<\/a> y <a href=\"https:\/\/de-de.facebook.com\/help\/566994660333381\" target=\"_blank\" rel=\"noreferrer noopener\">https:\/\/de-de.facebook.com\/help\/566994660333381<\/a>.<\/p>\n\n<p>Para obtener m\u00e1s informaci\u00f3n sobre c\u00f3mo manejan tu informaci\u00f3n personal, consulta la Pol\u00edtica de privacidad de Instagram: <a href=\"https:\/\/help.instagram.com\/519522125107875\" target=\"_blank\" rel=\"noreferrer noopener\">https:\/\/help.instagram.com\/519522125107875<\/a>.<\/p>\n\n<h5 class=\"wp-block-heading\">Pinterest (en ingl\u00e9s)<\/h5>\n\n<p>Tenemos un perfil en Pinterest. El operador es Pinterest Europe Ltd., Palmerston House, 2nd Floor, Fenian Street, Dubl\u00edn 2, Irlanda. Los detalles sobre c\u00f3mo manejan sus datos personales se pueden encontrar en la pol\u00edtica de privacidad de Pinterest: <a href=\"https:\/\/policy.pinterest.com\/de\/privacy-policy\" target=\"_blank\" rel=\"noreferrer noopener\">https:\/\/policy.pinterest.com\/de\/privacy-policy<\/a>.<\/p>\n\n<h5 class=\"wp-block-heading\">XING<\/h5>\n\n<p>Tenemos un perfil en XING. El proveedor es New Work SE, Dammtorstra\u00dfe 30, 20354 Hamburgo, Alemania. Puede encontrar detalles sobre el manejo de sus datos personales en la Pol\u00edtica de privacidad de XING: <a href=\"https:\/\/privacy.xing.com\/de\/datenschutzerklaerung\" target=\"_blank\" rel=\"noreferrer noopener\">https:\/\/privacy.xing.com\/de\/datenschutzerklaerung<\/a>.<\/p>\n\n<h5 class=\"wp-block-heading\">LinkedIn (en ingl\u00e9s)<\/h5>\n\n<p>Tenemos un perfil de LinkedIn. El proveedor es LinkedIn Ireland Unlimited Company, Wilton Plaza, Wilton Place, Dubl\u00edn 2, Irlanda. LinkedIn utiliza cookies publicitarias.<\/p>\n\n<p><strong>Si desea desactivar las cookies publicitarias de LinkedIn, utilice el siguiente enlace: <\/strong><a href=\"https:\/\/www.linkedin.com\/psettings\/guest-controls\/retargeting-opt-out\" target=\"_blank\" rel=\"noreferrer noopener\">https:\/\/www.linkedin.com\/psettings\/guest-controls\/retargeting-opt-out<\/a>.<\/p>\n\n<p>La transmisi\u00f3n de datos a los Estados Unidos se basa en las Cl\u00e1usulas Contractuales Tipo (SCC) de la Comisi\u00f3n Europea. Los detalles se pueden encontrar aqu\u00ed: <a href=\"https:\/\/www.linkedin.com\/legal\/l\/dpa\" target=\"_blank\" rel=\"noreferrer noopener\">https:\/\/www.linkedin.com\/legal\/l\/dpa<\/a> y <a href=\"https:\/\/www.linkedin.com\/legal\/l\/eu-sccs\" target=\"_blank\" rel=\"noreferrer noopener\">https:\/\/www.linkedin.com\/legal\/l\/eu-sccs<\/a>.<\/p>\n\n<p>Para obtener m\u00e1s informaci\u00f3n sobre c\u00f3mo manejan tu informaci\u00f3n personal, consulta la pol\u00edtica de privacidad de LinkedIn: <a href=\"https:\/\/www.linkedin.com\/legal\/privacy-policy\" target=\"_blank\" rel=\"noreferrer noopener\">https:\/\/www.linkedin.com\/legal\/privacy-policy<\/a>.<\/p>\n\n<h5 class=\"wp-block-heading\">Tumblr<\/h5>\n\n<p>Tenemos un perfil en Tumblr. El proveedor es Tumblr, Inc., 35 East 21st St., 10th Floor, Nueva York, NY 10010, EE. UU. Los detalles sobre c\u00f3mo manejan tus datos personales se pueden encontrar en la pol\u00edtica de privacidad de Tumblr: <a href=\"https:\/\/www.tumblr.com\/privacy\/de\" target=\"_blank\" rel=\"noreferrer noopener\">https:\/\/www.tumblr.com\/privacy\/de<\/a>.<\/p>\n\n<h5 class=\"wp-block-heading\">Vimeo<\/h5>\n\n<p>Tenemos un perfil en Vimeo. El proveedor es Vimeo, Inc., 555 West 18th Street, Nueva York 10011, EE. UU.<\/p>\n\n<p>La transmisi\u00f3n de datos a los Estados Unidos se basa en las Cl\u00e1usulas Contractuales Est\u00e1ndar (SCC) de la Comisi\u00f3n Europea y, seg\u00fan Vimeo, en &#8220;intereses comerciales leg\u00edtimos&#8221;. Los detalles se pueden encontrar aqu\u00ed: <a href=\"https:\/\/vimeo.com\/privacy\" target=\"_blank\" rel=\"noreferrer noopener\">https:\/\/vimeo.com\/privacy<\/a>.<\/p>\n\n<p>Los detalles sobre c\u00f3mo manejan sus datos personales se pueden encontrar en la pol\u00edtica de privacidad de Vimeo: <a href=\"https:\/\/vimeo.com\/privacy\" target=\"_blank\" rel=\"noreferrer noopener\">https:\/\/vimeo.com\/privacy<\/a>.<\/p>\n\n<h5 class=\"wp-block-heading\">YouTube (en ingl\u00e9s)<\/h5>\n\n<p>Tenemos un perfil en YouTube. El proveedor es Google Ireland Limited, Gordon House, Barrow Street, Dubl\u00edn 4, Irlanda. Puede encontrar detalles sobre c\u00f3mo manejan sus datos personales en la pol\u00edtica de privacidad de YouTube: <a href=\"https:\/\/policies.google.com\/privacy?hl=en\" target=\"_blank\" rel=\"noreferrer noopener\">https:\/\/policies.google.com\/privacy?hl=en<\/a>.<\/p>\n\n<h5 class=\"wp-block-heading\">TikTok<\/h5>\n\n<p>Tenemos un perfil en TikTok. El proveedor es TikTok Technology Limited, 10 Earlsfort Terrace, Dubl\u00edn, D02 T380, Irlanda. Los detalles sobre c\u00f3mo manejan sus datos personales se pueden encontrar en la pol\u00edtica de privacidad de TikTok: <a href=\"https:\/\/www.tiktok.com\/legal\/privacy-policy?lang=en\" target=\"_blank\" rel=\"noreferrer noopener\">https:\/\/www.tiktok.com\/legal\/privacy-policy?lang=en<\/a>.<\/p>\n\n<p>La transmisi\u00f3n de datos a terceros pa\u00edses se basa en las cl\u00e1usulas contractuales tipo (CCE) de la Comisi\u00f3n Europea. Los detalles se pueden encontrar aqu\u00ed: <a href=\"https:\/\/www.tiktok.com\/legal\/privacy-policy?lang=en\" target=\"_blank\" rel=\"noreferrer noopener\">https:\/\/www.tiktok.com\/legal\/privacy-policy?lang=en<\/a>.<\/p>\n","protected":false},"excerpt":{"rendered":"<p>Nuestras apariciones en redes sociales Esta pol\u00edtica de privacidad se aplica a la siguiente presencia en redes sociales Tratamiento de datos a trav\u00e9s de redes sociales Mantenemos perfiles disponibles p\u00fablicamente en redes sociales. Las redes sociales individuales que utilizamos se pueden encontrar a continuaci\u00f3n. Redes sociales como Facebook, Twitter, etc. En general, puede analizar su [&hellip;]<\/p>\n","protected":false},"author":1,"featured_media":0,"parent":0,"menu_order":0,"comment_status":"closed","ping_status":"closed","template":"","meta":{"footnotes":""},"class_list":["post-89277","page","type-page","status-publish","hentry"],"acf":[],"aioseo_notices":[],"_links":{"self":[{"href":"https:\/\/stock42.eu\/es\/wp-json\/wp\/v2\/pages\/89277","targetHints":{"allow":["GET"]}}],"collection":[{"href":"https:\/\/stock42.eu\/es\/wp-json\/wp\/v2\/pages"}],"about":[{"href":"https:\/\/stock42.eu\/es\/wp-json\/wp\/v2\/types\/page"}],"author":[{"embeddable":true,"href":"https:\/\/stock42.eu\/es\/wp-json\/wp\/v2\/users\/1"}],"replies":[{"embeddable":true,"href":"https:\/\/stock42.eu\/es\/wp-json\/wp\/v2\/comments?post=89277"}],"version-history":[{"count":0,"href":"https:\/\/stock42.eu\/es\/wp-json\/wp\/v2\/pages\/89277\/revisions"}],"wp:attachment":[{"href":"https:\/\/stock42.eu\/es\/wp-json\/wp\/v2\/media?parent=89277"}],"curies":[{"name":"wp","href":"https:\/\/api.w.org\/{rel}","templated":true}]}}