{"id":89278,"date":"2023-05-09T00:08:26","date_gmt":"2023-05-08T22:08:26","guid":{"rendered":"https:\/\/stock42.eu\/legal-notice\/"},"modified":"2023-06-06T23:33:16","modified_gmt":"2023-06-06T21:33:16","slug":"legal-notice","status":"publish","type":"page","link":"https:\/\/stock42.eu\/es\/legal-notice\/","title":{"rendered":"Aviso Legal"},"content":{"rendered":"\n<h2 class=\"wp-block-heading\">Aviso del sitio<\/h2>\n\n<h2 class=\"wp-block-heading\">Informaci\u00f3n de conformidad con la secci\u00f3n 5 Ley alemana de Telemedia (TMG)<\/h2>\n\n<p>NAWKO UG (haftungsbeschr\u00e4nkt)<br\/>Hinterer Berg 14<br\/>92360 M\u00fchlhausen<\/p>\n\n<p>Registro Mercantil: HRB 40891<br\/>Tribunal de registro: Amtsgericht N\u00fcrnberg<\/p>\n\n<p><strong>Representada por:<\/strong><br\/>Pedro Nagl-Weichselbaum<\/p>\n\n<h2 class=\"wp-block-heading\">Contacto<\/h2>\n\n<p>Tel\u00e9fono: +49 9185 &#8211; 433 95 00<br\/>Correo electr\u00f3nico: info@stock42.eu<\/p>\n\n<h2 class=\"wp-block-heading\">N\u00famero de identificaci\u00f3n fiscal<\/h2>\n\n<p>N\u00famero de identificaci\u00f3n del impuesto sobre las ventas seg\u00fan el art. 27 bis de la Ley del Impuesto sobre las Ventas:<br\/>DE355703354<\/p>\n\n<h2 class=\"wp-block-heading\">Informaci\u00f3n sobre el seguro de responsabilidad profesional<\/h2>\n\n<p><strong>Nombre y domicilio social de la aseguradora:<\/strong><br\/>HISCOX<\/p>\n\n<p><strong>Alcance del seguro:<\/strong><br\/>Weltweit<\/p>\n\n<h2 class=\"wp-block-heading\">Responsable editorial<\/h2>\n\n<p>Pierre Nagl-Weichselbaum, Hinterer Berg 14, 92360 M\u00fchlhausen<\/p>\n\n<h2 class=\"wp-block-heading\">Resoluci\u00f3n de litigios de la UE<\/h2>\n\n<p>La Comisi\u00f3n Europea proporciona una plataforma para la resoluci\u00f3n de litigios en l\u00ednea (ODR): <a href=\"https:\/\/ec.europa.eu\/consumers\/odr\/\" target=\"_blank\" rel=\"noreferrer noopener\">https:\/\/ec.europa.eu\/consumers\/odr\/<\/a>.<br\/>Nuestra direcci\u00f3n de correo electr\u00f3nico se puede encontrar arriba en el aviso del sitio.<\/p>\n\n<h2 class=\"wp-block-heading\">Procedimientos de resoluci\u00f3n de litigios ante una junta arbitral de consumo<\/h2>\n\n<p>No estamos dispuestos ni obligados a participar en procedimientos de resoluci\u00f3n de disputas frente a una junta de arbitraje de consumo.<\/p>\n","protected":false},"excerpt":{"rendered":"<p>Aviso del sitio Informaci\u00f3n de conformidad con la secci\u00f3n 5 Ley alemana de Telemedia (TMG) NAWKO UG (haftungsbeschr\u00e4nkt)Hinterer Berg 1492360 M\u00fchlhausen Registro Mercantil: HRB 40891Tribunal de registro: Amtsgericht N\u00fcrnberg Representada por:Pedro Nagl-Weichselbaum Contacto Tel\u00e9fono: +49 9185 &#8211; 433 95 00Correo electr\u00f3nico: info@stock42.eu N\u00famero de identificaci\u00f3n fiscal N\u00famero de identificaci\u00f3n del impuesto sobre las ventas seg\u00fan [&hellip;]<\/p>\n","protected":false},"author":1,"featured_media":0,"parent":0,"menu_order":0,"comment_status":"closed","ping_status":"closed","template":"","meta":{"footnotes":""},"class_list":["post-89278","page","type-page","status-publish","hentry"],"acf":[],"aioseo_notices":[],"_links":{"self":[{"href":"https:\/\/stock42.eu\/es\/wp-json\/wp\/v2\/pages\/89278","targetHints":{"allow":["GET"]}}],"collection":[{"href":"https:\/\/stock42.eu\/es\/wp-json\/wp\/v2\/pages"}],"about":[{"href":"https:\/\/stock42.eu\/es\/wp-json\/wp\/v2\/types\/page"}],"author":[{"embeddable":true,"href":"https:\/\/stock42.eu\/es\/wp-json\/wp\/v2\/users\/1"}],"replies":[{"embeddable":true,"href":"https:\/\/stock42.eu\/es\/wp-json\/wp\/v2\/comments?post=89278"}],"version-history":[{"count":0,"href":"https:\/\/stock42.eu\/es\/wp-json\/wp\/v2\/pages\/89278\/revisions"}],"wp:attachment":[{"href":"https:\/\/stock42.eu\/es\/wp-json\/wp\/v2\/media?parent=89278"}],"curies":[{"name":"wp","href":"https:\/\/api.w.org\/{rel}","templated":true}]}}