{"id":97984,"date":"2020-11-10T08:29:19","date_gmt":"2020-11-10T07:29:19","guid":{"rendered":"https:\/\/stock42.eu\/transaction-failed\/"},"modified":"2023-06-06T23:35:55","modified_gmt":"2023-06-06T21:35:55","slug":"transaction-failed","status":"publish","type":"page","link":"https:\/\/stock42.eu\/es\/transaction-failed\/","title":{"rendered":"Error en la transacci\u00f3n"},"content":{"rendered":"<p>Error en la transacci\u00f3n, int\u00e9ntelo de nuevo o p\u00f3ngase en contacto con el soporte t\u00e9cnico del sitio.<\/p>\n","protected":false},"excerpt":{"rendered":"<p>Error en la transacci\u00f3n, int\u00e9ntelo de nuevo o p\u00f3ngase en contacto con el soporte t\u00e9cnico del sitio.<\/p>\n","protected":false},"author":1,"featured_media":0,"parent":0,"menu_order":0,"comment_status":"closed","ping_status":"closed","template":"","meta":{"footnotes":""},"class_list":["post-97984","page","type-page","status-publish","hentry"],"acf":[],"aioseo_notices":[],"_links":{"self":[{"href":"https:\/\/stock42.eu\/es\/wp-json\/wp\/v2\/pages\/97984","targetHints":{"allow":["GET"]}}],"collection":[{"href":"https:\/\/stock42.eu\/es\/wp-json\/wp\/v2\/pages"}],"about":[{"href":"https:\/\/stock42.eu\/es\/wp-json\/wp\/v2\/types\/page"}],"author":[{"embeddable":true,"href":"https:\/\/stock42.eu\/es\/wp-json\/wp\/v2\/users\/1"}],"replies":[{"embeddable":true,"href":"https:\/\/stock42.eu\/es\/wp-json\/wp\/v2\/comments?post=97984"}],"version-history":[{"count":0,"href":"https:\/\/stock42.eu\/es\/wp-json\/wp\/v2\/pages\/97984\/revisions"}],"wp:attachment":[{"href":"https:\/\/stock42.eu\/es\/wp-json\/wp\/v2\/media?parent=97984"}],"curies":[{"name":"wp","href":"https:\/\/api.w.org\/{rel}","templated":true}]}}