{"id":97993,"date":"2018-07-18T15:26:14","date_gmt":"2018-07-18T13:26:14","guid":{"rendered":"https:\/\/stock42.eu\/contact\/"},"modified":"2023-06-06T23:35:13","modified_gmt":"2023-06-06T21:35:13","slug":"contact","status":"publish","type":"page","link":"https:\/\/stock42.eu\/es\/contact\/","title":{"rendered":"Contacto"},"content":{"rendered":"\t\t<div data-elementor-type=\"wp-page\" data-elementor-id=\"97993\" class=\"elementor elementor-97993 elementor-18025\">\n\t\t\t\t\t\t\t      \n\t\t\t\t<section class=\"elementor-section elementor-top-section elementor-element elementor-element-71864f10 elementor-section-boxed elementor-section-height-default elementor-section-height-default\" data-id=\"71864f10\" data-element_type=\"section\">\n\t\t\t\t\t\t<div class=\"elementor-container elementor-column-gap-default\">\n\t\t\t      \n\t\t\t\t<div class=\"elementor-column elementor-col-100 elementor-top-column elementor-element elementor-element-498f309d\" data-id=\"498f309d\" data-element_type=\"column\">\n\t\t\t<div class=\"elementor-widget-wrap elementor-element-populated\">\n\t\t\t\t\t\t\t\t<div class=\"elementor-element elementor-element-5848527e elementor-widget elementor-widget-text-editor\" data-id=\"5848527e\" data-element_type=\"widget\" data-widget_type=\"text-editor.default\">\n\t\t\t\t<div class=\"elementor-widget-container\">\n\t\t\t<style>\/*! elementor - v3.17.0 - 08-11-2023 *\/\n.elementor-widget-text-editor.elementor-drop-cap-view-stacked .elementor-drop-cap{background-color:#69727d;color:#fff}.elementor-widget-text-editor.elementor-drop-cap-view-framed .elementor-drop-cap{color:#69727d;border:3px solid;background-color:transparent}.elementor-widget-text-editor:not(.elementor-drop-cap-view-default) .elementor-drop-cap{margin-top:8px}.elementor-widget-text-editor:not(.elementor-drop-cap-view-default) .elementor-drop-cap-letter{width:1em;height:1em}.elementor-widget-text-editor .elementor-drop-cap{float:left;text-align:center;line-height:1;font-size:50px}.elementor-widget-text-editor .elementor-drop-cap-letter{display:inline-block}<\/style>\t\t\t\t<br>\n\t\t\t\t\t\t<\/div>\n\t\t\t\t<\/div>\n\t\t\t\t\t<\/div>\n\t\t<\/div>\n\t\t\t\t\t\t\t<\/div>\n\t\t<\/section>\n\t\t      \n\t\t\t\t<section class=\"elementor-section elementor-top-section elementor-element elementor-element-f94aaff elementor-section-boxed elementor-section-height-default elementor-section-height-default\" data-id=\"f94aaff\" data-element_type=\"section\">\n\t\t\t\t\t\t<div class=\"elementor-container elementor-column-gap-default\">\n\t\t\t      \n\t\t\t\t<div class=\"elementor-column elementor-col-100 elementor-top-column elementor-element elementor-element-8c1e3cb\" data-id=\"8c1e3cb\" data-element_type=\"column\">\n\t\t\t<div class=\"elementor-widget-wrap elementor-element-populated\">\n\t\t\t\t\t\t\t\t<div class=\"elementor-element elementor-element-d04b635 elementor-widget elementor-widget-text-editor\" data-id=\"d04b635\" data-element_type=\"widget\" data-widget_type=\"text-editor.default\">\n\t\t\t\t<div class=\"elementor-widget-container\">\n\t\t\t\t\t\t\t<h3>Obtener soporte<\/h3>\n<p>Ya sea que tenga sugerencias de productos, preguntas previas a la venta o incluso una buena broma para comenzar a chatear, escr\u00edbanos a trav\u00e9s de este formulario de contacto a continuaci\u00f3n. Haremos todo lo posible para responder lo antes posible. Para problemas relacionados con el producto o soporte, le recomendamos que nos env\u00ede un correo electr\u00f3nico a<\/p>\n\n<div class=\"wpcf7 no-js\" id=\"wpcf7-f98825-o1\" lang=\"es-ES\" dir=\"ltr\">\n<div class=\"screen-reader-response\"><p role=\"status\" aria-live=\"polite\" aria-atomic=\"true\"><\/p> <ul><\/ul><\/div>\n<form action=\"\/es\/wp-json\/wp\/v2\/pages\/97993#wpcf7-f98825-o1\" method=\"post\" class=\"wpcf7-form init\" aria-label=\"Formulario de contacto\" novalidate=\"novalidate\" data-status=\"init\">\n<div style=\"display: none;\">\n<input type=\"hidden\" name=\"_wpcf7\" value=\"98825\" \/>\n<input type=\"hidden\" name=\"_wpcf7_version\" value=\"5.8.3\" \/>\n<input type=\"hidden\" name=\"_wpcf7_locale\" value=\"es_ES\" \/>\n<input type=\"hidden\" name=\"_wpcf7_unit_tag\" value=\"wpcf7-f98825-o1\" \/>\n<input type=\"hidden\" name=\"_wpcf7_container_post\" value=\"0\" \/>\n<input type=\"hidden\" name=\"_wpcf7_posted_data_hash\" value=\"\" \/>\n<\/div>\n<div class=\"row\">\n<div class=\"col-md-9 no-padding-right\">\n<span class=\"wpcf7-form-control-wrap\" data-name=\"your-message\"><textarea cols=\"40\" rows=\"10\" class=\"wpcf7-form-control wpcf7-textarea wpcf7-validates-as-required dm_main_text_7\" aria-required=\"true\" aria-invalid=\"false\" placeholder=\"Escriba aqu\u00ed su mensaje...\" name=\"your-message\"><\/textarea><\/span>\n<\/div>\n<div class=\"col-md-3\">\n<span class=\"wpcf7-form-control-wrap\" data-name=\"your-name\"><input size=\"40\" class=\"wpcf7-form-control wpcf7-text wpcf7-validates-as-required dm_main_name_7\" aria-required=\"true\" aria-invalid=\"false\" placeholder=\"Nombre\" value=\"\" type=\"text\" name=\"your-name\" \/><\/span>\n<span class=\"wpcf7-form-control-wrap\" data-name=\"your-email\"><input size=\"40\" class=\"wpcf7-form-control wpcf7-email wpcf7-validates-as-required wpcf7-text wpcf7-validates-as-email dm_main_email_7\" aria-required=\"true\" aria-invalid=\"false\" placeholder=\"Correo electr\u00f3nico\" value=\"\" type=\"email\" name=\"your-email\" \/><\/span>\n<span class=\"wpcf7-form-control-wrap\" data-name=\"acceptance-964\"><span class=\"wpcf7-form-control wpcf7-acceptance\"><span class=\"wpcf7-list-item\"><label><input type=\"checkbox\" name=\"acceptance-964\" value=\"1\" class=\"contact_gdpr\" aria-invalid=\"false\" \/><span class=\"wpcf7-list-item-label\">He le\u00eddo y acepto la <u><a href=\"https:\/\/stock42.eu\/privacy-policy\">pol\u00edtica de privacidad<\/a><\/u><\/span><\/label><\/span><\/span><\/span>\n\n<input class=\"wpcf7-form-control wpcf7-submit has-spinner dm_submit_button\" type=\"submit\" value=\"Submit\" \/>\n<\/div>\n<\/div><div class=\"wpcf7-response-output\" aria-hidden=\"true\"><\/div>\n<\/form>\n<\/div>\n\n<p style=\"text-align: center;\">Nota: Debido a las diferencias de zona horaria, nuestro equipo de soporte puede tardar varias horas en ponerse en contacto con usted. \u00a1Nosotros tambi\u00e9n dormimos!<\/p>\t\t\t\t\t\t<\/div>\n\t\t\t\t<\/div>\n\t\t\t\t\t<\/div>\n\t\t<\/div>\n\t\t\t\t\t\t\t<\/div>\n\t\t<\/section>\n\t\t      \n\t\t\t\t<section class=\"elementor-section elementor-top-section elementor-element elementor-element-aad1139 elementor-section-boxed elementor-section-height-default elementor-section-height-default\" data-id=\"aad1139\" data-element_type=\"section\" data-settings=\"{&quot;background_background&quot;:&quot;classic&quot;}\">\n\t\t\t\t\t\t<div class=\"elementor-container elementor-column-gap-default\">\n\t\t\t      \n\t\t\t\t<div class=\"elementor-column elementor-col-50 elementor-top-column elementor-element elementor-element-7a7c5b9\" data-id=\"7a7c5b9\" data-element_type=\"column\">\n\t\t\t<div class=\"elementor-widget-wrap elementor-element-populated\">\n\t\t\t\t\t\t\t\t<div class=\"elementor-element elementor-element-86b4579 elementor-widget elementor-widget-text-editor\" data-id=\"86b4579\" data-element_type=\"widget\" data-widget_type=\"text-editor.default\">\n\t\t\t\t<div class=\"elementor-widget-container\">\n\t\t\t\t\t\t\t<p>Stock42 es un servicio prestado por NAWKO UG (Haftungsbeschr\u00e4nkt). Estamos comprometidos a brindar un soporte excepcional a nuestros clientes y garantizar que tenga una experiencia perfecta al usar nuestra plataforma. Nuestro equipo est\u00e1 dedicado a responder a sus consultas con prontitud y brindarle la asistencia que necesita. Si tiene alguna pregunta o inquietud relacionada con ventas, soporte o cualquier otra consulta, utilice el formulario de contacto proporcionado en nuestro sitio web.<\/p>\n<p>Para todos los dem\u00e1s asuntos que requieren nuestra atenci\u00f3n, por favor env\u00edenos un correo electr\u00f3nico. Haremos todo lo posible para responder a su correo electr\u00f3nico lo antes posible y abordar cualquier inquietud que pueda tener.<\/p>\n\t\t\t\t\t\t<\/div>\n\t\t\t\t<\/div>\n\t\t\t\t\t<\/div>\n\t\t<\/div>\n\t\t      \n\t\t\t\t<div class=\"elementor-column elementor-col-50 elementor-top-column elementor-element elementor-element-66acf8a\" data-id=\"66acf8a\" data-element_type=\"column\" data-settings=\"{&quot;background_background&quot;:&quot;classic&quot;}\">\n\t\t\t<div class=\"elementor-widget-wrap elementor-element-populated\">\n\t\t\t\t\t\t\t\t<div class=\"elementor-element elementor-element-768cd72 elementor-widget elementor-widget-mayosis-infobox\" data-id=\"768cd72\" data-element_type=\"widget\" data-widget_type=\"mayosis-infobox.default\">\n\t\t\t\t<div class=\"elementor-widget-container\">\n\t\t\t\n        <!-- Element Code start -->\n        <div class=\"contact-widget\">\n                    \t<h4 style=\"color: #1e3c78\"> Contact information<\/h4>\n                        <p style=\"color: #1e3c78 !important\"> Stock42 by NAWKO<br> \nHinterer Berg 14 <br> \nDE-92360 M\u00fchlhausen<br>\nGermany<br><br>\nPhone: +49 9185 - 433 95 00 <br>\nE-Mail: info@stock42.eu<\/p>\n                    <\/div>\n      \t\t<\/div>\n\t\t\t\t<\/div>\n\t\t\t\t\t<\/div>\n\t\t<\/div>\n\t\t\t\t\t\t\t<\/div>\n\t\t<\/section>\n\t\t\t\t\t\t\t<\/div>\n\t\t","protected":false},"excerpt":{"rendered":"<p>Obtener soporte Ya sea que tenga sugerencias de productos, preguntas previas a la venta o incluso una buena broma para comenzar a chatear, escr\u00edbanos a trav\u00e9s de este formulario de contacto a continuaci\u00f3n. Haremos todo lo posible para responder lo antes posible. Para problemas relacionados con el producto o soporte, le recomendamos que nos env\u00ede [&hellip;]<\/p>\n","protected":false},"author":1,"featured_media":0,"parent":0,"menu_order":0,"comment_status":"closed","ping_status":"closed","template":"full-width-template.php","meta":{"footnotes":""},"class_list":["post-97993","page","type-page","status-publish","hentry"],"acf":[],"aioseo_notices":[],"_links":{"self":[{"href":"https:\/\/stock42.eu\/es\/wp-json\/wp\/v2\/pages\/97993","targetHints":{"allow":["GET"]}}],"collection":[{"href":"https:\/\/stock42.eu\/es\/wp-json\/wp\/v2\/pages"}],"about":[{"href":"https:\/\/stock42.eu\/es\/wp-json\/wp\/v2\/types\/page"}],"author":[{"embeddable":true,"href":"https:\/\/stock42.eu\/es\/wp-json\/wp\/v2\/users\/1"}],"replies":[{"embeddable":true,"href":"https:\/\/stock42.eu\/es\/wp-json\/wp\/v2\/comments?post=97993"}],"version-history":[{"count":0,"href":"https:\/\/stock42.eu\/es\/wp-json\/wp\/v2\/pages\/97993\/revisions"}],"wp:attachment":[{"href":"https:\/\/stock42.eu\/es\/wp-json\/wp\/v2\/media?parent=97993"}],"curies":[{"name":"wp","href":"https:\/\/api.w.org\/{rel}","templated":true}]}}